{"id":1349,"date":"2019-01-23T15:26:20","date_gmt":"2019-01-23T13:26:20","guid":{"rendered":"https:\/\/saarepark.ee\/visit\/"},"modified":"2025-10-29T11:03:30","modified_gmt":"2025-10-29T09:03:30","slug":"vierailla","status":"publish","type":"page","link":"https:\/\/saarepark.ee\/fi\/vierailla\/","title":{"rendered":"Liput"},"content":{"rendered":"<div class=\"wpb-content-wrapper\"><p>[vc_row equal_height=&#8221;yes&#8221; content_placement=&#8221;middle&#8221; css=&#8221;.vc_custom_1550599356384{padding-bottom: 30px !important;}&#8221;][vc_column css=&#8221;.vc_custom_1550599485793{padding-bottom: 50px !important;}&#8221; offset=&#8221;vc_col-lg-6 vc_col-md-8&#8243;]<div id=\"ultimate-heading-679369e5f4b9bc540\" class=\"uvc-heading ult-adjust-bottom-margin ultimate-heading-679369e5f4b9bc540 uvc-1623 accent-title-color color-title uvc-heading-default-font-sizes\" data-hspacer=\"no_spacer\"  data-halign=\"left\" style=\"text-align:left\"><div class=\"uvc-heading-spacer no_spacer\" style=\"top\"><\/div><div class=\"uvc-main-heading ult-responsive\"  data-ultimate-target='.uvc-heading.ultimate-heading-679369e5f4b9bc540 h4'  data-responsive-json-new='{\"font-size\":\"\",\"line-height\":\"\"}' ><h4 style=\"font-weight:bold;margin-bottom:15px;\"><\/p>\n<p><center>Ota yhteytt\u00e4 etuk\u00e4teen talvikaudella!<\/center><!--Saare Park on avoinna!--><\/h4><\/div><div class=\"uvc-sub-heading ult-responsive\"  data-ultimate-target='.uvc-heading.ultimate-heading-679369e5f4b9bc540 .uvc-sub-heading '  data-responsive-json-new='{\"font-size\":\"\",\"line-height\":\"desktop:27px;\"}'  style=\"font-weight:normal;margin-bottom:20px;\"><!--\n\n\n<h4>P\u00e4iv\u00e4lippu - Paikan p\u00e4\u00e4ll\u00e4<\/h4>\n\n\n\n\n<ul>\n \t\n\n<li>Aikuiset <strong>\u20ac10<\/strong><\/li>\n\n\n \t\n\n<li>Opiskelijat <strong>\u20ac5<\/strong><\/li>\n\n\n \t\n\n<li>El\u00e4kel\u00e4iset, opiskelijat, erityistarpeita omaavat henkil\u00f6t <strong>\u20ac8<\/strong><\/li>\n\n\n \t\n\n<li>Kouluik\u00e4iset lapset - <strong>ilmainen<\/strong><\/li>\n\n\n \t\n\n<li>Perhelippu sis\u00e4lt\u00e4\u00e4 2 aikuista ja heid\u00e4n enint\u00e4\u00e4n 18-vuotiaat lapsensa <strong>\u20ac25<\/strong><\/li>\n\n\n \t\n\n<li>Ampumapeli 1 lataus (noin 200 kuulaa) <strong>\u20ac10<\/strong><\/li>\n\n\n<\/ul>\n\n\n<span style=\"color: #008000;\"><em>*Hinta sis\u00e4lt\u00e4\u00e4 pommisuojan el\u00e4mysattraktion kertak\u00e4ynnin. Maksathan tarkalla summalla k\u00e4teisell\u00e4.<\/em><\/span>\n\n&nbsp;\n\n\n<h4>Ty\u00f6ajat<\/h4>\n\n\n\n\n<ul>\n \t\n\n<li>Ma-Ti: Suljettu<\/li>\n\n\n \t\n\n<li>Ke-Pe: 11.00-18.00<\/li>\n\n\n \t\n\n<li>La-Su: 11.00-19.00<\/li>\n\n\n<\/ul>\n\n\n--><\/div><\/div>[\/vc_column][vc_column width=&#8221;1\/12&#8243; css=&#8221;.vc_custom_1698911981073{padding-bottom: 40px !important;}&#8221; offset=&#8221;vc_col-lg-6 vc_col-md-1&#8243;]<style type=\"text\/css\" data-type=\"the7_shortcodes-inline-css\">.gallery-shortcode.gallery-masonry-shortcode-id-867595884668e65e8cea439caf013752 figure,\n.gallery-shortcode.gallery-masonry-shortcode-id-867595884668e65e8cea439caf013752 .rollover,\n.gallery-shortcode.gallery-masonry-shortcode-id-867595884668e65e8cea439caf013752 img,\n.gallery-shortcode.gallery-masonry-shortcode-id-867595884668e65e8cea439caf013752 .gallery-rollover {\n  border-radius: 5px;\n}\n.gallery-shortcode.gallery-masonry-shortcode-id-867595884668e65e8cea439caf013752.enable-bg-rollover .gallery-rollover {\n  background: -webkit-linear-gradient();\n  background: linear-gradient();\n}\n.gallery-shortcode.gallery-masonry-shortcode-id-867595884668e65e8cea439caf013752.enable-bg-rollover.hover-scale figure .rollover:after {\n  background: -webkit-linear-gradient();\n  background: linear-gradient();\n}\n.gallery-shortcode.gallery-masonry-shortcode-id-867595884668e65e8cea439caf013752 .gallery-zoom-ico {\n  width: 44px;\n  height: 44px;\n  line-height: 44px;\n  border-radius: 100px;\n  margin: -22px 0 0 -22px;\n  border-width: 0px;\n  color: #ffffff;\n}\n.dt-icon-bg-on.gallery-shortcode.gallery-masonry-shortcode-id-867595884668e65e8cea439caf013752 .gallery-zoom-ico {\n  background: rgba(255,255,255,0.3);\n  box-shadow: none;\n}\n.gallery-shortcode.gallery-masonry-shortcode-id-867595884668e65e8cea439caf013752 .gallery-zoom-ico:before,\n.gallery-shortcode.gallery-masonry-shortcode-id-867595884668e65e8cea439caf013752 .gallery-zoom-ico span {\n  font-size: 32px;\n  line-height: 44px;\n  color: #ffffff;\n}\n.gallery-shortcode.gallery-masonry-shortcode-id-867595884668e65e8cea439caf013752:not(.resize-by-browser-width) .dt-css-grid {\n  grid-row-gap: 10px;\n  grid-column-gap: 10px;\n  grid-template-columns: repeat(auto-fill,minmax(,1fr));\n}\n.gallery-shortcode.gallery-masonry-shortcode-id-867595884668e65e8cea439caf013752:not(.resize-by-browser-width) .dt-css-grid .double-width {\n  grid-column: span 2;\n}\n.cssgridlegacy.no-cssgrid .gallery-shortcode.gallery-masonry-shortcode-id-867595884668e65e8cea439caf013752:not(.resize-by-browser-width) .dt-css-grid,\n.no-cssgridlegacy.no-cssgrid .gallery-shortcode.gallery-masonry-shortcode-id-867595884668e65e8cea439caf013752:not(.resize-by-browser-width) .dt-css-grid {\n  display: flex;\n  flex-flow: row wrap;\n  margin: -5px;\n}\n.cssgridlegacy.no-cssgrid .gallery-shortcode.gallery-masonry-shortcode-id-867595884668e65e8cea439caf013752:not(.resize-by-browser-width) .dt-css-grid .wf-cell,\n.no-cssgridlegacy.no-cssgrid .gallery-shortcode.gallery-masonry-shortcode-id-867595884668e65e8cea439caf013752:not(.resize-by-browser-width) .dt-css-grid .wf-cell {\n  flex: 1 0 ;\n  max-width: 100%;\n  padding: 5px;\n  box-sizing: border-box;\n}\n.gallery-shortcode.gallery-masonry-shortcode-id-867595884668e65e8cea439caf013752.resize-by-browser-width .dt-css-grid {\n  grid-template-columns: repeat(3,1fr);\n  grid-template-rows: auto;\n  grid-column-gap: 10px;\n  grid-row-gap: 10px;\n}\n.gallery-shortcode.gallery-masonry-shortcode-id-867595884668e65e8cea439caf013752.resize-by-browser-width .dt-css-grid .double-width {\n  grid-column: span 2;\n}\n.cssgridlegacy.no-cssgrid .gallery-shortcode.gallery-masonry-shortcode-id-867595884668e65e8cea439caf013752.resize-by-browser-width .dt-css-grid {\n  margin: -5px;\n}\n.cssgridlegacy.no-cssgrid .gallery-shortcode.gallery-masonry-shortcode-id-867595884668e65e8cea439caf013752.resize-by-browser-width .dt-css-grid .wf-cell {\n  width: 33.333333333333%;\n  padding: 5px;\n}\n.cssgridlegacy.no-cssgrid .gallery-shortcode.gallery-masonry-shortcode-id-867595884668e65e8cea439caf013752.resize-by-browser-width .dt-css-grid .wf-cell.double-width {\n  width: calc(33.333333333333%) * 2;\n}\n.gallery-shortcode.gallery-masonry-shortcode-id-867595884668e65e8cea439caf013752.resize-by-browser-width:not(.centered-layout-list):not(.content-bg-on) .dt-css-grid {\n  grid-row-gap: 10px - ;\n}\n@media screen and (max-width: 1199px) {\n  .gallery-shortcode.gallery-masonry-shortcode-id-867595884668e65e8cea439caf013752.resize-by-browser-width .dt-css-grid {\n    grid-template-columns: repeat(3,1fr);\n  }\n  .cssgridlegacy.no-cssgrid .gallery-shortcode.gallery-masonry-shortcode-id-867595884668e65e8cea439caf013752.resize-by-browser-width .dt-css-grid .wf-cell,\n  .no-cssgridlegacy.no-cssgrid .gallery-shortcode.gallery-masonry-shortcode-id-867595884668e65e8cea439caf013752.resize-by-browser-width .dt-css-grid .wf-cell {\n    width: 33.333333333333%;\n  }\n  .cssgridlegacy.no-cssgrid .gallery-shortcode.gallery-masonry-shortcode-id-867595884668e65e8cea439caf013752.resize-by-browser-width .dt-css-grid .wf-cell.double-width,\n  .no-cssgridlegacy.no-cssgrid .gallery-shortcode.gallery-masonry-shortcode-id-867595884668e65e8cea439caf013752.resize-by-browser-width .dt-css-grid .wf-cell.double-width {\n    width: calc(33.333333333333%)*2;\n  }\n}\n@media screen and (max-width: 991px) {\n  .gallery-shortcode.gallery-masonry-shortcode-id-867595884668e65e8cea439caf013752.resize-by-browser-width .dt-css-grid {\n    grid-template-columns: repeat(3,1fr);\n  }\n  .cssgridlegacy.no-cssgrid .gallery-shortcode.gallery-masonry-shortcode-id-867595884668e65e8cea439caf013752.resize-by-browser-width .dt-css-grid .wf-cell,\n  .no-cssgridlegacy.no-cssgrid .gallery-shortcode.gallery-masonry-shortcode-id-867595884668e65e8cea439caf013752.resize-by-browser-width .dt-css-grid .wf-cell {\n    width: 33.333333333333%;\n  }\n  .cssgridlegacy.no-cssgrid .gallery-shortcode.gallery-masonry-shortcode-id-867595884668e65e8cea439caf013752.resize-by-browser-width .dt-css-grid .wf-cell.double-width,\n  .no-cssgridlegacy.no-cssgrid .gallery-shortcode.gallery-masonry-shortcode-id-867595884668e65e8cea439caf013752.resize-by-browser-width .dt-css-grid .wf-cell.double-width {\n    width: calc(33.333333333333%)*2;\n  }\n}\n@media screen and (max-width: 767px) {\n  .gallery-shortcode.gallery-masonry-shortcode-id-867595884668e65e8cea439caf013752.resize-by-browser-width .dt-css-grid {\n    grid-template-columns: repeat(3,1fr);\n  }\n  .cssgridlegacy.no-cssgrid .gallery-shortcode.gallery-masonry-shortcode-id-867595884668e65e8cea439caf013752.resize-by-browser-width .dt-css-grid .wf-cell,\n  .no-cssgridlegacy.no-cssgrid .gallery-shortcode.gallery-masonry-shortcode-id-867595884668e65e8cea439caf013752.resize-by-browser-width .dt-css-grid .wf-cell {\n    width: 33.333333333333%;\n  }\n  .cssgridlegacy.no-cssgrid .gallery-shortcode.gallery-masonry-shortcode-id-867595884668e65e8cea439caf013752.resize-by-browser-width .dt-css-grid .wf-cell.double-width,\n  .no-cssgridlegacy.no-cssgrid .gallery-shortcode.gallery-masonry-shortcode-id-867595884668e65e8cea439caf013752.resize-by-browser-width .dt-css-grid .wf-cell.double-width {\n    width: calc(33.333333333333%)*2;\n  }\n}<\/style><div class=\"gallery-shortcode dt-gallery-container gallery-masonry-shortcode-id-867595884668e65e8cea439caf013752 mode-grid jquery-filter dt-icon-bg-off quick-scale-img dt-css-grid-wrap enable-bg-rollover resize-by-browser-width  hover-fade loading-effect-none description-on-hover\" data-padding=\"5px\" data-cur-page=\"1\" data-post-limit=\"-1\" data-pagination-mode=\"none\" data-desktop-columns-num=\"3\" data-v-tablet-columns-num=\"3\" data-h-tablet-columns-num=\"3\" data-phone-columns-num=\"3\" data-width=\"0px\" data-columns=\"0\"><div class=\"dt-css-grid\" ><div class=\"wf-cell\" data-post-id=\"2008\" data-date=\"2025-05-10T21:36:40+03:00\" data-name=\"IMG_20240908_103429=\"><figure class=\"post visible\"><a href=\"https:\/\/saarepark.ee\/wp-content\/uploads\/2025\/05\/IMG_20240908_103429.jpg\" class=\"rollover dt-pswp-item layzr-bg\" data-large_image_width=\"1500\" data-large_image_height=\"1125\" data-dt-img-description=\"\" ><img fetchpriority=\"high\" decoding=\"async\" class=\"preload-me iso-lazy-load aspect\" src=\"data:image\/svg+xml,%3Csvg%20xmlns%3D&#39;http%3A%2F%2Fwww.w3.org%2F2000%2Fsvg&#39;%20viewBox%3D&#39;0%200%20323%20323&#39;%2F%3E\" data-src=\"https:\/\/saarepark.ee\/wp-content\/uploads\/2025\/05\/IMG_20240908_103429-323x323.jpg\" data-srcset=\"https:\/\/saarepark.ee\/wp-content\/uploads\/2025\/05\/IMG_20240908_103429-323x323.jpg 323w, https:\/\/saarepark.ee\/wp-content\/uploads\/2025\/05\/IMG_20240908_103429-485x485.jpg 485w\" loading=\"eager\" style=\"--ratio: 323 \/ 323\" sizes=\"(max-width: 323px) 100vw, 323px\" alt=\"\" width=\"323\" height=\"323\"  \/><span class=\"gallery-rollover\"><span class=\"gallery-zoom-ico icomoon-the7-font-the7-zoom-06\"><span><\/span><\/span><\/span><\/a><\/figure><\/div><div class=\"wf-cell\" data-post-id=\"1996\" data-date=\"2025-05-10T21:36:36+03:00\" data-name=\"IMG_20240907_142910=\"><figure class=\"post visible\"><a href=\"https:\/\/saarepark.ee\/wp-content\/uploads\/2025\/05\/IMG_20240907_142910.jpg\" class=\"rollover dt-pswp-item layzr-bg\" data-large_image_width=\"1500\" data-large_image_height=\"1125\" data-dt-img-description=\"\" ><img decoding=\"async\" class=\"preload-me iso-lazy-load aspect\" src=\"data:image\/svg+xml,%3Csvg%20xmlns%3D&#39;http%3A%2F%2Fwww.w3.org%2F2000%2Fsvg&#39;%20viewBox%3D&#39;0%200%20323%20323&#39;%2F%3E\" data-src=\"https:\/\/saarepark.ee\/wp-content\/uploads\/2025\/05\/IMG_20240907_142910-323x323.jpg\" data-srcset=\"https:\/\/saarepark.ee\/wp-content\/uploads\/2025\/05\/IMG_20240907_142910-323x323.jpg 323w, https:\/\/saarepark.ee\/wp-content\/uploads\/2025\/05\/IMG_20240907_142910-485x485.jpg 485w\" loading=\"eager\" style=\"--ratio: 323 \/ 323\" sizes=\"(max-width: 323px) 100vw, 323px\" alt=\"\" width=\"323\" height=\"323\"  \/><span class=\"gallery-rollover\"><span class=\"gallery-zoom-ico icomoon-the7-font-the7-zoom-06\"><span><\/span><\/span><\/span><\/a><\/figure><\/div><div class=\"wf-cell\" data-post-id=\"1952\" data-date=\"2025-05-10T21:36:22+03:00\" data-name=\"IMG_20240907_132334=\"><figure class=\"post visible\"><a href=\"https:\/\/saarepark.ee\/wp-content\/uploads\/2025\/05\/IMG_20240907_132334.jpg\" class=\"rollover dt-pswp-item layzr-bg\" data-large_image_width=\"1500\" data-large_image_height=\"1125\" data-dt-img-description=\"\" ><img decoding=\"async\" class=\"preload-me iso-lazy-load aspect\" src=\"data:image\/svg+xml,%3Csvg%20xmlns%3D&#39;http%3A%2F%2Fwww.w3.org%2F2000%2Fsvg&#39;%20viewBox%3D&#39;0%200%20323%20323&#39;%2F%3E\" data-src=\"https:\/\/saarepark.ee\/wp-content\/uploads\/2025\/05\/IMG_20240907_132334-323x323.jpg\" data-srcset=\"https:\/\/saarepark.ee\/wp-content\/uploads\/2025\/05\/IMG_20240907_132334-323x323.jpg 323w, https:\/\/saarepark.ee\/wp-content\/uploads\/2025\/05\/IMG_20240907_132334-485x485.jpg 485w\" loading=\"eager\" style=\"--ratio: 323 \/ 323\" sizes=\"(max-width: 323px) 100vw, 323px\" alt=\"\" width=\"323\" height=\"323\"  \/><span class=\"gallery-rollover\"><span class=\"gallery-zoom-ico icomoon-the7-font-the7-zoom-06\"><span><\/span><\/span><\/span><\/a><\/figure><\/div><div class=\"wf-cell\" data-post-id=\"1912\" data-date=\"2025-05-10T21:36:10+03:00\" data-name=\"IMG_20240907_131746=\"><figure class=\"post visible\"><a href=\"https:\/\/saarepark.ee\/wp-content\/uploads\/2025\/05\/IMG_20240907_131746.jpg\" class=\"rollover dt-pswp-item layzr-bg\" data-large_image_width=\"1500\" data-large_image_height=\"1125\" data-dt-img-description=\"\" ><img decoding=\"async\" class=\"preload-me iso-lazy-load aspect\" src=\"data:image\/svg+xml,%3Csvg%20xmlns%3D&#39;http%3A%2F%2Fwww.w3.org%2F2000%2Fsvg&#39;%20viewBox%3D&#39;0%200%20323%20323&#39;%2F%3E\" data-src=\"https:\/\/saarepark.ee\/wp-content\/uploads\/2025\/05\/IMG_20240907_131746-323x323.jpg\" data-srcset=\"https:\/\/saarepark.ee\/wp-content\/uploads\/2025\/05\/IMG_20240907_131746-323x323.jpg 323w, https:\/\/saarepark.ee\/wp-content\/uploads\/2025\/05\/IMG_20240907_131746-485x485.jpg 485w\" loading=\"eager\" style=\"--ratio: 323 \/ 323\" sizes=\"(max-width: 323px) 100vw, 323px\" alt=\"\" width=\"323\" height=\"323\"  \/><span class=\"gallery-rollover\"><span class=\"gallery-zoom-ico icomoon-the7-font-the7-zoom-06\"><span><\/span><\/span><\/span><\/a><\/figure><\/div><div class=\"wf-cell\" data-post-id=\"1880\" data-date=\"2025-05-10T21:36:00+03:00\" data-name=\"IMG_20240907_131509=\"><figure class=\"post visible\"><a href=\"https:\/\/saarepark.ee\/wp-content\/uploads\/2025\/05\/IMG_20240907_131509.jpg\" class=\"rollover dt-pswp-item layzr-bg\" data-large_image_width=\"1500\" data-large_image_height=\"1125\" data-dt-img-description=\"\" ><img decoding=\"async\" class=\"preload-me iso-lazy-load aspect\" src=\"data:image\/svg+xml,%3Csvg%20xmlns%3D&#39;http%3A%2F%2Fwww.w3.org%2F2000%2Fsvg&#39;%20viewBox%3D&#39;0%200%20323%20323&#39;%2F%3E\" data-src=\"https:\/\/saarepark.ee\/wp-content\/uploads\/2025\/05\/IMG_20240907_131509-323x323.jpg\" data-srcset=\"https:\/\/saarepark.ee\/wp-content\/uploads\/2025\/05\/IMG_20240907_131509-323x323.jpg 323w, https:\/\/saarepark.ee\/wp-content\/uploads\/2025\/05\/IMG_20240907_131509-485x485.jpg 485w\" loading=\"eager\" style=\"--ratio: 323 \/ 323\" sizes=\"(max-width: 323px) 100vw, 323px\" alt=\"\" width=\"323\" height=\"323\"  \/><span class=\"gallery-rollover\"><span class=\"gallery-zoom-ico icomoon-the7-font-the7-zoom-06\"><span><\/span><\/span><\/span><\/a><\/figure><\/div><div class=\"wf-cell\" data-post-id=\"1864\" data-date=\"2025-05-10T21:35:55+03:00\" data-name=\"IMG_20240906_160518=\"><figure class=\"post visible\"><a href=\"https:\/\/saarepark.ee\/wp-content\/uploads\/2025\/05\/IMG_20240906_160518.jpg\" class=\"rollover dt-pswp-item layzr-bg\" data-large_image_width=\"1125\" data-large_image_height=\"1500\" data-dt-img-description=\"\" ><img decoding=\"async\" class=\"preload-me iso-lazy-load aspect\" src=\"data:image\/svg+xml,%3Csvg%20xmlns%3D&#39;http%3A%2F%2Fwww.w3.org%2F2000%2Fsvg&#39;%20viewBox%3D&#39;0%200%20323%20323&#39;%2F%3E\" data-src=\"https:\/\/saarepark.ee\/wp-content\/uploads\/2025\/05\/IMG_20240906_160518-323x323.jpg\" data-srcset=\"https:\/\/saarepark.ee\/wp-content\/uploads\/2025\/05\/IMG_20240906_160518-323x323.jpg 323w, https:\/\/saarepark.ee\/wp-content\/uploads\/2025\/05\/IMG_20240906_160518-485x485.jpg 485w\" loading=\"eager\" style=\"--ratio: 323 \/ 323\" sizes=\"(max-width: 323px) 100vw, 323px\" alt=\"\" width=\"323\" height=\"323\"  \/><span class=\"gallery-rollover\"><span class=\"gallery-zoom-ico icomoon-the7-font-the7-zoom-06\"><span><\/span><\/span><\/span><\/a><\/figure><\/div><div class=\"wf-cell\" data-post-id=\"1832\" data-date=\"2025-05-10T21:35:46+03:00\" data-name=\"IMG_20240906_160209=\"><figure class=\"post visible\"><a href=\"https:\/\/saarepark.ee\/wp-content\/uploads\/2025\/05\/IMG_20240906_160209.jpg\" class=\"rollover dt-pswp-item layzr-bg\" data-large_image_width=\"1500\" data-large_image_height=\"1125\" data-dt-img-description=\"\" ><img decoding=\"async\" class=\"preload-me iso-lazy-load aspect\" src=\"data:image\/svg+xml,%3Csvg%20xmlns%3D&#39;http%3A%2F%2Fwww.w3.org%2F2000%2Fsvg&#39;%20viewBox%3D&#39;0%200%20323%20323&#39;%2F%3E\" data-src=\"https:\/\/saarepark.ee\/wp-content\/uploads\/2025\/05\/IMG_20240906_160209-323x323.jpg\" data-srcset=\"https:\/\/saarepark.ee\/wp-content\/uploads\/2025\/05\/IMG_20240906_160209-323x323.jpg 323w, https:\/\/saarepark.ee\/wp-content\/uploads\/2025\/05\/IMG_20240906_160209-485x485.jpg 485w\" loading=\"eager\" style=\"--ratio: 323 \/ 323\" sizes=\"(max-width: 323px) 100vw, 323px\" alt=\"\" width=\"323\" height=\"323\"  \/><span class=\"gallery-rollover\"><span class=\"gallery-zoom-ico icomoon-the7-font-the7-zoom-06\"><span><\/span><\/span><\/span><\/a><\/figure><\/div><div class=\"wf-cell\" data-post-id=\"1796\" data-date=\"2025-05-10T21:35:35+03:00\" data-name=\"IMG_20240906_155835=\"><figure class=\"post visible\"><a href=\"https:\/\/saarepark.ee\/wp-content\/uploads\/2025\/05\/IMG_20240906_155835.jpg\" class=\"rollover dt-pswp-item layzr-bg\" data-large_image_width=\"1500\" data-large_image_height=\"1125\" data-dt-img-description=\"\" ><img decoding=\"async\" class=\"preload-me iso-lazy-load aspect\" src=\"data:image\/svg+xml,%3Csvg%20xmlns%3D&#39;http%3A%2F%2Fwww.w3.org%2F2000%2Fsvg&#39;%20viewBox%3D&#39;0%200%20323%20323&#39;%2F%3E\" data-src=\"https:\/\/saarepark.ee\/wp-content\/uploads\/2025\/05\/IMG_20240906_155835-323x323.jpg\" data-srcset=\"https:\/\/saarepark.ee\/wp-content\/uploads\/2025\/05\/IMG_20240906_155835-323x323.jpg 323w, https:\/\/saarepark.ee\/wp-content\/uploads\/2025\/05\/IMG_20240906_155835-485x485.jpg 485w\" loading=\"eager\" style=\"--ratio: 323 \/ 323\" sizes=\"(max-width: 323px) 100vw, 323px\" alt=\"\" width=\"323\" height=\"323\"  \/><span class=\"gallery-rollover\"><span class=\"gallery-zoom-ico icomoon-the7-font-the7-zoom-06\"><span><\/span><\/span><\/span><\/a><\/figure><\/div><div class=\"wf-cell\" data-post-id=\"1768\" data-date=\"2025-05-10T21:35:26+03:00\" data-name=\"IMG_20240906_155519=\"><figure class=\"post visible\"><a href=\"https:\/\/saarepark.ee\/wp-content\/uploads\/2025\/05\/IMG_20240906_155519.jpg\" class=\"rollover dt-pswp-item layzr-bg\" data-large_image_width=\"1500\" data-large_image_height=\"1089\" data-dt-img-description=\"\" ><img decoding=\"async\" class=\"preload-me iso-lazy-load aspect\" src=\"data:image\/svg+xml,%3Csvg%20xmlns%3D&#39;http%3A%2F%2Fwww.w3.org%2F2000%2Fsvg&#39;%20viewBox%3D&#39;0%200%20323%20323&#39;%2F%3E\" data-src=\"https:\/\/saarepark.ee\/wp-content\/uploads\/2025\/05\/IMG_20240906_155519-323x323.jpg\" data-srcset=\"https:\/\/saarepark.ee\/wp-content\/uploads\/2025\/05\/IMG_20240906_155519-323x323.jpg 323w, https:\/\/saarepark.ee\/wp-content\/uploads\/2025\/05\/IMG_20240906_155519-485x485.jpg 485w\" loading=\"eager\" style=\"--ratio: 323 \/ 323\" sizes=\"(max-width: 323px) 100vw, 323px\" alt=\"\" width=\"323\" height=\"323\"  \/><span class=\"gallery-rollover\"><span class=\"gallery-zoom-ico icomoon-the7-font-the7-zoom-06\"><span><\/span><\/span><\/span><\/a><\/figure><\/div><\/div><!-- iso-container|iso-grid --><\/div>[\/vc_column][\/vc_row][vc_row bg_type=&#8221;image&#8221; parallax_style=&#8221;vcpb-default&#8221; bg_image_new=&#8221;id^699|url^https:\/\/saarepark.ee\/wp-content\/uploads\/2023\/10\/04-1.jpg|caption^null|alt^null|title^04-1|description^null&#8221; bg_override=&#8221;ex-full&#8221; enable_overlay=&#8221;enable_overlay_value&#8221; overlay_color=&#8221;rgba(32,52,6,0.52)&#8221; css=&#8221;.vc_custom_1701340318964{margin-bottom: -70px !important;padding-top: 70px !important;padding-bottom: 70px !important;}&#8221;][vc_column]<div id=\"ultimate-heading-530369e5f4b9be7ba\" class=\"uvc-heading ult-adjust-bottom-margin ultimate-heading-530369e5f4b9be7ba uvc-2187 accent-subtitle-color uvc-heading-default-font-sizes\" data-hspacer=\"no_spacer\"  data-halign=\"center\" style=\"text-align:center\"><div class=\"uvc-heading-spacer no_spacer\" style=\"top\"><\/div><div class=\"uvc-main-heading ult-responsive\"  data-ultimate-target='.uvc-heading.ultimate-heading-530369e5f4b9be7ba h4'  data-responsive-json-new='{\"font-size\":\"\",\"line-height\":\"\"}' ><h4 style=\"font-weight:bold;color:#ffffff;margin-bottom:10px;\">Saaremaa, Liik\u00fcla, Kordoni, 93631<\/h4><\/div><div class=\"uvc-sub-heading ult-responsive\"  data-ultimate-target='.uvc-heading.ultimate-heading-530369e5f4b9be7ba .uvc-sub-heading '  data-responsive-json-new='{\"font-size\":\"desktop:54px;mobile_landscape:34px;\",\"line-height\":\"desktop:64px;mobile_landscape:44px;\"}'  style=\"font-weight:bold;\"><i class=\"fas fa-phone-square\" style=\"padding-right: 10px;\"><\/i><strong>+372 56 348 700<\/strong><\/div><\/div>[vc_column_text css=&#8221;.vc_custom_1727116658976{padding-top: 10px !important;}&#8221;]<\/p>\n<p style=\"text-align: center;\"><span style=\"color: #ffffff;\">Ota yhteytt\u00e4 etuk\u00e4teen talvikaudella!<\/span><\/p>\n<p>[\/vc_column_text][\/vc_column][\/vc_row]<\/p>\n<\/div>","protected":false},"excerpt":{"rendered":"<p>[vc_row equal_height=&#8221;yes&#8221; content_placement=&#8221;middle&#8221; css=&#8221;.vc_custom_1550599356384{padding-bottom: 30px !important;}&#8221;][vc_column css=&#8221;.vc_custom_1550599485793{padding-bottom: 50px !important;}&#8221; offset=&#8221;vc_col-lg-6 vc_col-md-8&#8243;][\/vc_column][vc_column width=&#8221;1\/12&#8243; css=&#8221;.vc_custom_1698911981073{padding-bottom: 40px !important;}&#8221; offset=&#8221;vc_col-lg-6 vc_col-md-1&#8243;][\/vc_column][\/vc_row][vc_row bg_type=&#8221;image&#8221; parallax_style=&#8221;vcpb-default&#8221; bg_image_new=&#8221;id^699|url^https:\/\/saarepark.ee\/wp-content\/uploads\/2023\/10\/04-1.jpg|caption^null|alt^null|title^04-1|description^null&#8221; bg_override=&#8221;ex-full&#8221; enable_overlay=&#8221;enable_overlay_value&#8221; overlay_color=&#8221;rgba(32,52,6,0.52)&#8221; css=&#8221;.vc_custom_1701340318964{margin-bottom: -70px !important;padding-top: 70px !important;padding-bottom: 70px !important;}&#8221;][vc_column][vc_column_text css=&#8221;.vc_custom_1727116658976{padding-top: 10px !important;}&#8221;] Ota yhteytt\u00e4 etuk\u00e4teen talvikaudella! [\/vc_column_text][\/vc_column][\/vc_row]<\/p>\n","protected":false},"author":1,"featured_media":0,"parent":0,"menu_order":25,"comment_status":"closed","ping_status":"closed","template":"","meta":{"footnotes":""},"class_list":["post-1349","page","type-page","status-publish","hentry","description-off"],"_links":{"self":[{"href":"https:\/\/saarepark.ee\/fi\/wp-json\/wp\/v2\/pages\/1349"}],"collection":[{"href":"https:\/\/saarepark.ee\/fi\/wp-json\/wp\/v2\/pages"}],"about":[{"href":"https:\/\/saarepark.ee\/fi\/wp-json\/wp\/v2\/types\/page"}],"author":[{"embeddable":true,"href":"https:\/\/saarepark.ee\/fi\/wp-json\/wp\/v2\/users\/1"}],"replies":[{"embeddable":true,"href":"https:\/\/saarepark.ee\/fi\/wp-json\/wp\/v2\/comments?post=1349"}],"version-history":[{"count":32,"href":"https:\/\/saarepark.ee\/fi\/wp-json\/wp\/v2\/pages\/1349\/revisions"}],"predecessor-version":[{"id":2095,"href":"https:\/\/saarepark.ee\/fi\/wp-json\/wp\/v2\/pages\/1349\/revisions\/2095"}],"wp:attachment":[{"href":"https:\/\/saarepark.ee\/fi\/wp-json\/wp\/v2\/media?parent=1349"}],"curies":[{"name":"wp","href":"https:\/\/api.w.org\/{rel}","templated":true}]}}