{"id":1208,"date":"2019-01-23T15:27:06","date_gmt":"2019-01-23T15:27:06","guid":{"rendered":"https:\/\/saarepark.ee\/blogi\/"},"modified":"2023-11-30T15:17:27","modified_gmt":"2023-11-30T15:17:27","slug":"blogi","status":"publish","type":"page","link":"https:\/\/saarepark.ee\/fi\/blogi\/","title":{"rendered":"Blogi"},"content":{"rendered":"<div class=\"wpb-content-wrapper\"><p>[vc_row][vc_column]<style type=\"text\/css\" data-type=\"the7_shortcodes-inline-css\">.blog-shortcode.blog-masonry-shortcode-id-dc2137b5ffcf919c9a57525b8a43cc2a.dividers-on.classic-layout-list article {\n  padding-top: 0;\n}\n.blog-shortcode.blog-masonry-shortcode-id-dc2137b5ffcf919c9a57525b8a43cc2a.dividers-on.classic-layout-list article:first-of-type {\n  margin-top: 0;\n  padding-top: 0;\n}\n.blog-shortcode.blog-masonry-shortcode-id-dc2137b5ffcf919c9a57525b8a43cc2a.classic-layout-list.mode-list .post-entry-content {\n  width: calc(100% - );\n}\n.blog-shortcode.blog-masonry-shortcode-id-dc2137b5ffcf919c9a57525b8a43cc2a.classic-layout-list.mode-list .no-img .post-entry-content {\n  width: 100%;\n}\n.blog-shortcode.blog-masonry-shortcode-id-dc2137b5ffcf919c9a57525b8a43cc2a .filter-bg-decoration .filter-categories a.act {\n  color: #fff;\n}\n.blog-shortcode.blog-masonry-shortcode-id-dc2137b5ffcf919c9a57525b8a43cc2a:not(.mode-masonry) article:first-of-type,\n.blog-shortcode.blog-masonry-shortcode-id-dc2137b5ffcf919c9a57525b8a43cc2a:not(.mode-masonry) article.visible.first:not(.product) {\n  margin-top: 0;\n}\n.blog-shortcode.blog-masonry-shortcode-id-dc2137b5ffcf919c9a57525b8a43cc2a.dividers-on:not(.mode-masonry) article {\n  margin-top: 0;\n}\n.blog-shortcode.blog-masonry-shortcode-id-dc2137b5ffcf919c9a57525b8a43cc2a.dividers-on:not(.mode-masonry) article:first-of-type,\n.blog-shortcode.blog-masonry-shortcode-id-dc2137b5ffcf919c9a57525b8a43cc2a.dividers-on:not(.mode-masonry) article.visible.first:not(.product) {\n  margin-top: 0;\n  padding-top: 0;\n}\n.blog-shortcode.blog-masonry-shortcode-id-dc2137b5ffcf919c9a57525b8a43cc2a .post-thumbnail-wrap {\n  padding: 0px 0px 0px 0px;\n}\n.blog-shortcode.blog-masonry-shortcode-id-dc2137b5ffcf919c9a57525b8a43cc2a.enable-bg-rollover .post-thumbnail-rollover:after {\n  background: -webkit-linear-gradient();\n  background: linear-gradient();\n}\n.blog-shortcode.blog-masonry-shortcode-id-dc2137b5ffcf919c9a57525b8a43cc2a .gallery-zoom-ico {\n  width: 44px;\n  height: 44px;\n  line-height: 44px;\n  border-radius: 100px;\n  margin: -22px 0 0 -22px;\n  border-width: 0px;\n  color: #ffffff;\n}\n.bottom-overlap-layout-list.blog-shortcode.blog-masonry-shortcode-id-dc2137b5ffcf919c9a57525b8a43cc2a .gallery-zoom-ico {\n  margin-top: -72px;\n}\n.gradient-overlay-layout-list.blog-shortcode.blog-masonry-shortcode-id-dc2137b5ffcf919c9a57525b8a43cc2a .gallery-zoom-ico,\n.content-rollover-layout-list.blog-shortcode.blog-masonry-shortcode-id-dc2137b5ffcf919c9a57525b8a43cc2a .gallery-zoom-ico {\n  margin: 0 0 10px;\n}\n.content-align-center.gradient-overlay-layout-list.blog-shortcode.blog-masonry-shortcode-id-dc2137b5ffcf919c9a57525b8a43cc2a .gallery-zoom-ico,\n.content-align-center.content-rollover-layout-list.blog-shortcode.blog-masonry-shortcode-id-dc2137b5ffcf919c9a57525b8a43cc2a .gallery-zoom-ico {\n  margin: 0 auto 10px;\n}\n.dt-icon-bg-on.blog-shortcode.blog-masonry-shortcode-id-dc2137b5ffcf919c9a57525b8a43cc2a .gallery-zoom-ico {\n  background: rgba(255,255,255,0.3);\n  box-shadow: none;\n}\n.blog-shortcode.blog-masonry-shortcode-id-dc2137b5ffcf919c9a57525b8a43cc2a .gallery-zoom-ico > span,\n.blog-shortcode.blog-masonry-shortcode-id-dc2137b5ffcf919c9a57525b8a43cc2a .gallery-zoom-ico:before {\n  font-size: 32px;\n  line-height: 44px;\n}\n.blog-shortcode.blog-masonry-shortcode-id-dc2137b5ffcf919c9a57525b8a43cc2a .gallery-zoom-ico > span,\n.blog-shortcode.blog-masonry-shortcode-id-dc2137b5ffcf919c9a57525b8a43cc2a .gallery-zoom-ico:before {\n  color: #ffffff;\n}\n.blog-shortcode.blog-masonry-shortcode-id-dc2137b5ffcf919c9a57525b8a43cc2a .entry-title,\n.blog-shortcode.blog-masonry-shortcode-id-dc2137b5ffcf919c9a57525b8a43cc2a.owl-carousel .entry-title {\n  margin-bottom: 10px;\n  font-weight: bold;\n}\n.blog-shortcode.blog-masonry-shortcode-id-dc2137b5ffcf919c9a57525b8a43cc2a .entry-meta {\n  margin-bottom: 15px;\n}\n.blog-shortcode.blog-masonry-shortcode-id-dc2137b5ffcf919c9a57525b8a43cc2a .portfolio-categories {\n  margin-bottom: 15px;\n}\n.blog-shortcode.blog-masonry-shortcode-id-dc2137b5ffcf919c9a57525b8a43cc2a .entry-excerpt {\n  margin-bottom: 5px;\n}\n.blog-shortcode.blog-masonry-shortcode-id-dc2137b5ffcf919c9a57525b8a43cc2a:not(.centered-layout-list) .post-entry-content {\n  padding: 25px 30px 30px 30px;\n}\n.blog-shortcode.blog-masonry-shortcode-id-dc2137b5ffcf919c9a57525b8a43cc2a:not(.centered-layout-list):not(.content-bg-on):not(.mode-list) .no-img .post-entry-content {\n  padding: 0;\n}\n@media screen and (max-width: ) {\n  .blog-shortcode.blog-masonry-shortcode-id-dc2137b5ffcf919c9a57525b8a43cc2a article {\n    -ms-flex-flow: column nowrap;\n    flex-flow: column nowrap;\n    margin-top: 20px;\n  }\n  .blog-shortcode.blog-masonry-shortcode-id-dc2137b5ffcf919c9a57525b8a43cc2a.dividers-on article {\n    border: none;\n  }\n  .blog-shortcode.blog-masonry-shortcode-id-dc2137b5ffcf919c9a57525b8a43cc2a.content-bg-on.centered-layout-list article {\n    padding: 0;\n  }\n  .blog-shortcode.blog-masonry-shortcode-id-dc2137b5ffcf919c9a57525b8a43cc2a.blog-shortcode.dividers-on article,\n  .blog-shortcode.blog-masonry-shortcode-id-dc2137b5ffcf919c9a57525b8a43cc2a.dividers-on.classic-layout-list article {\n    margin-top: 20px;\n    padding: 0;\n  }\n  .blog-shortcode.blog-masonry-shortcode-id-dc2137b5ffcf919c9a57525b8a43cc2a.blog-shortcode.dividers-on article:first-of-type,\n  .blog-shortcode.blog-masonry-shortcode-id-dc2137b5ffcf919c9a57525b8a43cc2a.dividers-on.classic-layout-list article:first-of-type {\n    padding: 0;\n  }\n  #page .blog-shortcode.blog-masonry-shortcode-id-dc2137b5ffcf919c9a57525b8a43cc2a .post-thumbnail-wrap,\n  #page .blog-shortcode.blog-masonry-shortcode-id-dc2137b5ffcf919c9a57525b8a43cc2a .post-entry-content {\n    width: 100%;\n    margin: 0;\n    top: 0;\n  }\n  #page .blog-shortcode.blog-masonry-shortcode-id-dc2137b5ffcf919c9a57525b8a43cc2a .post-thumbnail-wrap {\n    padding: 0;\n  }\n  #page .blog-shortcode.blog-masonry-shortcode-id-dc2137b5ffcf919c9a57525b8a43cc2a .post-entry-content:after {\n    display: none;\n  }\n  #page .blog-shortcode.blog-masonry-shortcode-id-dc2137b5ffcf919c9a57525b8a43cc2a .project-even .post-thumbnail-wrap,\n  #page .blog-shortcode.blog-masonry-shortcode-id-dc2137b5ffcf919c9a57525b8a43cc2a.centered-layout-list .post-thumbnail-wrap {\n    -ms-flex-order: 0;\n    order: 0;\n  }\n  #page .blog-shortcode.blog-masonry-shortcode-id-dc2137b5ffcf919c9a57525b8a43cc2a.centered-layout-list .post-entry-title-content {\n    -ms-flex-order: 1;\n    order: 1;\n    width: 100%;\n    padding: 20px 20px 0;\n  }\n  #page .blog-shortcode.blog-masonry-shortcode-id-dc2137b5ffcf919c9a57525b8a43cc2a.centered-layout-list .post-entry-content {\n    -ms-flex-order: 2;\n    order: 2;\n    padding-top: 0;\n  }\n  #page .blog-shortcode.blog-masonry-shortcode-id-dc2137b5ffcf919c9a57525b8a43cc2a .fancy-categories {\n    top: 10px;\n    left: 10px;\n    bottom: auto;\n    right: auto;\n  }\n  #page .blog-shortcode.blog-masonry-shortcode-id-dc2137b5ffcf919c9a57525b8a43cc2a .fancy-date a {\n    top: 10px;\n    right: 10px;\n    left: auto;\n    bottom: auto;\n  }\n  #page .blog-shortcode.blog-masonry-shortcode-id-dc2137b5ffcf919c9a57525b8a43cc2a .post-entry-content {\n    padding: 20px;\n  }\n  #page .blog-shortcode.blog-masonry-shortcode-id-dc2137b5ffcf919c9a57525b8a43cc2a .entry-title {\n    margin: 3px 0 5px;\n    font-size: 20px;\n    line-height: 26px;\n  }\n  #page .blog-shortcode.blog-masonry-shortcode-id-dc2137b5ffcf919c9a57525b8a43cc2a .entry-meta {\n    margin: 5px 0 5px;\n  }\n  #page .blog-shortcode.blog-masonry-shortcode-id-dc2137b5ffcf919c9a57525b8a43cc2a .entry-excerpt {\n    margin: 15px 0 0;\n  }\n  #page .blog-shortcode.blog-masonry-shortcode-id-dc2137b5ffcf919c9a57525b8a43cc2a .post-details {\n    margin: 5px 0 10px;\n  }\n  #page .blog-shortcode.blog-masonry-shortcode-id-dc2137b5ffcf919c9a57525b8a43cc2a .post-details.details-type-link {\n    margin-bottom: 2px;\n  }\n}<\/style><div class=\"blog-shortcode blog-masonry-shortcode-id-dc2137b5ffcf919c9a57525b8a43cc2a mode-masonry classic-layout-list content-bg-on jquery-filter circle-fancy-style scale-img meta-info-off dt-icon-bg-off resize-by-browser-width loading-effect-none description-under-image \" data-padding=\"15px\" data-cur-page=\"1\" data-post-limit=\"12\" data-pagination-mode=\"load-more\" aria-live=\"assertive\" data-desktop-columns-num=\"4\" data-v-tablet-columns-num=\"2\" data-h-tablet-columns-num=\"3\" data-phone-columns-num=\"1\" data-width=\"0px\" data-columns=\"0\"><div class=\"iso-container\" ><div class=\"visible wf-cell iso-item category-99 category-104 category-97 category-108 category-51\" data-post-id=\"1347\" data-date=\"2021-10-01T21:04:32+03:00\" data-name=\"Mihail Kalashnikovin vierailu Liik\u00fclan rajavartiopiiriss\u00e4\"><article class=\"post project-odd visible post-1347 type-post status-publish format-standard has-post-thumbnail hentry category-estonia-fi category-mikhail-kalashnikov-fi category-museum-fi category-saaremaa-fi category-uncategorized-fi tag-estonia-fi tag-mikhail-kalashnikov-fi tag-museum-fi tag-saare-park-fi tag-saaremaa-fi-2 category-99 category-104 category-97 category-108 category-51\" data-name=\"Mihail Kalashnikovin vierailu Liik\u00fclan rajavartiopiiriss\u00e4\" data-date=\"2021-10-01T21:04:32+03:00\">\n\n<div class=\"post-thumbnail-wrap\">\n\t<div class=\"post-thumbnail\">\n\t\t\n\t\t\n\t\t<a href=\"https:\/\/saarepark.ee\/fi\/visit-mikhail-kalashnikov\/\" class=\"post-thumbnail-rollover layzr-bg layzr-bg\" ><img fetchpriority=\"high\" decoding=\"async\" class=\"iso-lazy-load preload-me iso-lazy-load aspect\" src=\"data:image\/svg+xml,%3Csvg%20xmlns%3D&#39;http%3A%2F%2Fwww.w3.org%2F2000%2Fsvg&#39;%20viewBox%3D&#39;0%200%20768%20512&#39;%2F%3E\" data-src=\"https:\/\/saarepark.ee\/wp-content\/uploads\/2023\/10\/Mihail_Kalashnikov-768x512.jpg\" data-srcset=\"https:\/\/saarepark.ee\/wp-content\/uploads\/2023\/10\/Mihail_Kalashnikov-768x512.jpg 768w, https:\/\/saarepark.ee\/wp-content\/uploads\/2023\/10\/Mihail_Kalashnikov.jpg 900w\" loading=\"eager\" style=\"--ratio: 768 \/ 512\" sizes=\"(max-width: 768px) 100vw, 768px\" alt=\"\"  width=\"768\" height=\"512\"  \/><\/a>\t<\/div>\n<\/div>\n\n\n<div class=\"post-entry-content\">\n\n\t<h3 class=\"entry-title\">\n\t\t<a href=\"https:\/\/saarepark.ee\/fi\/visit-mikhail-kalashnikov\/\" title=\"Mihail Kalashnikovin vierailu Liik\u00fclan rajavartiopiiriss\u00e4\" rel=\"bookmark\">Mihail Kalashnikovin vierailu Liik\u00fclan rajavartiopiiriss\u00e4<\/a>\n\t<\/h3>\n\n\t\n\t<div class=\"entry-excerpt\"><p>Vuonna 1980 tunnettu asesuunnittelija, legendaarisen Kalashnikov-rynn\u00e4kk\u00f6kiv\u00e4\u00e4rien luoja Mihail Kalashnikov vieraili rajavartiopiiriss\u00e4&#8230;<\/p>\n<\/div>\n\t\n<a href=\"https:\/\/saarepark.ee\/fi\/visit-mikhail-kalashnikov\/\" class=\"dt-btn-s dt-btn post-details details-type-btn\" aria-label=\"Read more about Mihail Kalashnikovin vierailu Liik\u00fclan rajavartiopiiriss\u00e4\">LUE LIS\u00c4\u00c4<i class=\"dt-icon-the7-arrow-03\" aria-hidden=\"true\"><\/i><\/a>\n\n<\/div><\/article><\/div><div class=\"visible wf-cell iso-item category-92 category-101 category-108 category-118\" data-post-id=\"1343\" data-date=\"2021-06-05T21:03:16+03:00\" data-name=\"Tapaaminen Enda Naaberin kanssa\"><article class=\"post project-odd visible post-1343 type-post status-publish format-standard has-post-thumbnail hentry category-enda-naaber-fi-2 category-jan-drozdovski-fi category-saaremaa-fi category-yevgeny-leonov-fi tag-enda-naaber-fi tag-jan-drozdovski-fi tag-saare-park-fi tag-saaremaa-fi-2 tag-yevgeny-leonov-fi category-92 category-101 category-108 category-118\" data-name=\"Tapaaminen Enda Naaberin kanssa\" data-date=\"2021-06-05T21:03:16+03:00\">\n\n<div class=\"post-thumbnail-wrap\">\n\t<div class=\"post-thumbnail\">\n\t\t\n\t\t\n\t\t<a href=\"https:\/\/saarepark.ee\/fi\/talk-enda-naaber\/\" class=\"post-thumbnail-rollover layzr-bg layzr-bg\" ><img decoding=\"async\" class=\"iso-lazy-load preload-me iso-lazy-load aspect\" src=\"data:image\/svg+xml,%3Csvg%20xmlns%3D&#39;http%3A%2F%2Fwww.w3.org%2F2000%2Fsvg&#39;%20viewBox%3D&#39;0%200%20768%20460&#39;%2F%3E\" data-src=\"https:\/\/saarepark.ee\/wp-content\/uploads\/2023\/10\/2021-06-05_1-768x460.jpg\" data-srcset=\"https:\/\/saarepark.ee\/wp-content\/uploads\/2023\/10\/2021-06-05_1-768x460.jpg 768w, https:\/\/saarepark.ee\/wp-content\/uploads\/2023\/10\/2021-06-05_1-1152x690.jpg 1152w\" loading=\"eager\" style=\"--ratio: 768 \/ 460\" sizes=\"(max-width: 768px) 100vw, 768px\" alt=\"\"  width=\"768\" height=\"460\"  \/><\/a>\t<\/div>\n<\/div>\n\n\n<div class=\"post-entry-content\">\n\n\t<h3 class=\"entry-title\">\n\t\t<a href=\"https:\/\/saarepark.ee\/fi\/talk-enda-naaber\/\" title=\"Tapaaminen Enda Naaberin kanssa\" rel=\"bookmark\">Tapaaminen Enda Naaberin kanssa<\/a>\n\t<\/h3>\n\n\t\n\t<div class=\"entry-excerpt\"><p>Enda Naaber on tunnettu Saarenmaalainen kirjailija, toimittaja ja taiteilija, joka toimi paikallislehden Kommunismehitajan (my\u00f6hemmin Meie Maa) kulttuuriosaston toimittajana, haastatteli Jevgeni Leonovia vuonna 1977&#8230;<\/p>\n<\/div>\n\t\n<a href=\"https:\/\/saarepark.ee\/fi\/talk-enda-naaber\/\" class=\"dt-btn-s dt-btn post-details details-type-btn\" aria-label=\"Read more about Tapaaminen Enda Naaberin kanssa\">LUE LIS\u00c4\u00c4<i class=\"dt-icon-the7-arrow-03\" aria-hidden=\"true\"><\/i><\/a>\n\n<\/div><\/article><\/div><\/div><!-- iso-container|iso-grid --><div class=\"paginator paginator-more-button\">\n\t\t\t\t<a class=\"button-load-more \" href=\"javascript:void(0);\" data-dt-page=\"1\" ><span class=\"stick\"><\/span><span class=\"stick\"><\/span><span class=\"stick\"><\/span><span class=\"button-caption\">Load more<\/span><\/a>\n\t\t\t<\/div><\/div>[\/vc_column][\/vc_row]<\/p>\n<\/div>","protected":false},"excerpt":{"rendered":"<p>[vc_row][vc_column][\/vc_column][\/vc_row]<\/p>\n","protected":false},"author":1,"featured_media":0,"parent":0,"menu_order":40,"comment_status":"closed","ping_status":"closed","template":"","meta":{"footnotes":""},"class_list":["post-1208","page","type-page","status-publish","hentry","description-off"],"_links":{"self":[{"href":"https:\/\/saarepark.ee\/fi\/wp-json\/wp\/v2\/pages\/1208"}],"collection":[{"href":"https:\/\/saarepark.ee\/fi\/wp-json\/wp\/v2\/pages"}],"about":[{"href":"https:\/\/saarepark.ee\/fi\/wp-json\/wp\/v2\/types\/page"}],"author":[{"embeddable":true,"href":"https:\/\/saarepark.ee\/fi\/wp-json\/wp\/v2\/users\/1"}],"replies":[{"embeddable":true,"href":"https:\/\/saarepark.ee\/fi\/wp-json\/wp\/v2\/comments?post=1208"}],"version-history":[{"count":3,"href":"https:\/\/saarepark.ee\/fi\/wp-json\/wp\/v2\/pages\/1208\/revisions"}],"predecessor-version":[{"id":1492,"href":"https:\/\/saarepark.ee\/fi\/wp-json\/wp\/v2\/pages\/1208\/revisions\/1492"}],"wp:attachment":[{"href":"https:\/\/saarepark.ee\/fi\/wp-json\/wp\/v2\/media?parent=1208"}],"curies":[{"name":"wp","href":"https:\/\/api.w.org\/{rel}","templated":true}]}}