{"id":16,"date":"2019-01-23T15:27:06","date_gmt":"2019-01-23T15:27:06","guid":{"rendered":"https:\/\/the7.io\/weed\/?page_id=16"},"modified":"2023-10-31T10:41:04","modified_gmt":"2023-10-31T10:41:04","slug":"blog","status":"publish","type":"page","link":"https:\/\/saarepark.ee\/en\/blog\/","title":{"rendered":"Blog"},"content":{"rendered":"<div class=\"wpb-content-wrapper\"><p>[vc_row][vc_column]<style type=\"text\/css\" data-type=\"the7_shortcodes-inline-css\">.blog-shortcode.blog-masonry-shortcode-id-3dca5741f91e496b4cad171d17f9eefa.dividers-on.classic-layout-list article {\n  padding-top: 0;\n}\n.blog-shortcode.blog-masonry-shortcode-id-3dca5741f91e496b4cad171d17f9eefa.dividers-on.classic-layout-list article:first-of-type {\n  margin-top: 0;\n  padding-top: 0;\n}\n.blog-shortcode.blog-masonry-shortcode-id-3dca5741f91e496b4cad171d17f9eefa.classic-layout-list.mode-list .post-entry-content {\n  width: calc(100% - );\n}\n.blog-shortcode.blog-masonry-shortcode-id-3dca5741f91e496b4cad171d17f9eefa.classic-layout-list.mode-list .no-img .post-entry-content {\n  width: 100%;\n}\n.blog-shortcode.blog-masonry-shortcode-id-3dca5741f91e496b4cad171d17f9eefa .filter-bg-decoration .filter-categories a.act {\n  color: #fff;\n}\n.blog-shortcode.blog-masonry-shortcode-id-3dca5741f91e496b4cad171d17f9eefa:not(.mode-masonry) article:first-of-type,\n.blog-shortcode.blog-masonry-shortcode-id-3dca5741f91e496b4cad171d17f9eefa:not(.mode-masonry) article.visible.first:not(.product) {\n  margin-top: 0;\n}\n.blog-shortcode.blog-masonry-shortcode-id-3dca5741f91e496b4cad171d17f9eefa.dividers-on:not(.mode-masonry) article {\n  margin-top: 0;\n}\n.blog-shortcode.blog-masonry-shortcode-id-3dca5741f91e496b4cad171d17f9eefa.dividers-on:not(.mode-masonry) article:first-of-type,\n.blog-shortcode.blog-masonry-shortcode-id-3dca5741f91e496b4cad171d17f9eefa.dividers-on:not(.mode-masonry) article.visible.first:not(.product) {\n  margin-top: 0;\n  padding-top: 0;\n}\n.blog-shortcode.blog-masonry-shortcode-id-3dca5741f91e496b4cad171d17f9eefa .post-thumbnail-wrap {\n  padding: 0px 0px 0px 0px;\n}\n.blog-shortcode.blog-masonry-shortcode-id-3dca5741f91e496b4cad171d17f9eefa.enable-bg-rollover .post-thumbnail-rollover:after {\n  background: -webkit-linear-gradient();\n  background: linear-gradient();\n}\n.blog-shortcode.blog-masonry-shortcode-id-3dca5741f91e496b4cad171d17f9eefa .gallery-zoom-ico {\n  width: 44px;\n  height: 44px;\n  line-height: 44px;\n  border-radius: 100px;\n  margin: -22px 0 0 -22px;\n  border-width: 0px;\n  color: #ffffff;\n}\n.bottom-overlap-layout-list.blog-shortcode.blog-masonry-shortcode-id-3dca5741f91e496b4cad171d17f9eefa .gallery-zoom-ico {\n  margin-top: -72px;\n}\n.gradient-overlay-layout-list.blog-shortcode.blog-masonry-shortcode-id-3dca5741f91e496b4cad171d17f9eefa .gallery-zoom-ico,\n.content-rollover-layout-list.blog-shortcode.blog-masonry-shortcode-id-3dca5741f91e496b4cad171d17f9eefa .gallery-zoom-ico {\n  margin: 0 0 10px;\n}\n.content-align-center.gradient-overlay-layout-list.blog-shortcode.blog-masonry-shortcode-id-3dca5741f91e496b4cad171d17f9eefa .gallery-zoom-ico,\n.content-align-center.content-rollover-layout-list.blog-shortcode.blog-masonry-shortcode-id-3dca5741f91e496b4cad171d17f9eefa .gallery-zoom-ico {\n  margin: 0 auto 10px;\n}\n.dt-icon-bg-on.blog-shortcode.blog-masonry-shortcode-id-3dca5741f91e496b4cad171d17f9eefa .gallery-zoom-ico {\n  background: rgba(255,255,255,0.3);\n  box-shadow: none;\n}\n.blog-shortcode.blog-masonry-shortcode-id-3dca5741f91e496b4cad171d17f9eefa .gallery-zoom-ico > span,\n.blog-shortcode.blog-masonry-shortcode-id-3dca5741f91e496b4cad171d17f9eefa .gallery-zoom-ico:before {\n  font-size: 32px;\n  line-height: 44px;\n}\n.blog-shortcode.blog-masonry-shortcode-id-3dca5741f91e496b4cad171d17f9eefa .gallery-zoom-ico > span,\n.blog-shortcode.blog-masonry-shortcode-id-3dca5741f91e496b4cad171d17f9eefa .gallery-zoom-ico:before {\n  color: #ffffff;\n}\n.blog-shortcode.blog-masonry-shortcode-id-3dca5741f91e496b4cad171d17f9eefa .entry-title,\n.blog-shortcode.blog-masonry-shortcode-id-3dca5741f91e496b4cad171d17f9eefa.owl-carousel .entry-title {\n  margin-bottom: 10px;\n  font-weight: bold;\n}\n.blog-shortcode.blog-masonry-shortcode-id-3dca5741f91e496b4cad171d17f9eefa .entry-meta {\n  margin-bottom: 15px;\n}\n.blog-shortcode.blog-masonry-shortcode-id-3dca5741f91e496b4cad171d17f9eefa .portfolio-categories {\n  margin-bottom: 15px;\n}\n.blog-shortcode.blog-masonry-shortcode-id-3dca5741f91e496b4cad171d17f9eefa .entry-excerpt {\n  margin-bottom: 5px;\n}\n.blog-shortcode.blog-masonry-shortcode-id-3dca5741f91e496b4cad171d17f9eefa:not(.centered-layout-list) .post-entry-content {\n  padding: 25px 30px 30px 30px;\n}\n.blog-shortcode.blog-masonry-shortcode-id-3dca5741f91e496b4cad171d17f9eefa:not(.centered-layout-list):not(.content-bg-on):not(.mode-list) .no-img .post-entry-content {\n  padding: 0;\n}\n@media screen and (max-width: ) {\n  .blog-shortcode.blog-masonry-shortcode-id-3dca5741f91e496b4cad171d17f9eefa article {\n    -ms-flex-flow: column nowrap;\n    flex-flow: column nowrap;\n    margin-top: 20px;\n  }\n  .blog-shortcode.blog-masonry-shortcode-id-3dca5741f91e496b4cad171d17f9eefa.dividers-on article {\n    border: none;\n  }\n  .blog-shortcode.blog-masonry-shortcode-id-3dca5741f91e496b4cad171d17f9eefa.content-bg-on.centered-layout-list article {\n    padding: 0;\n  }\n  .blog-shortcode.blog-masonry-shortcode-id-3dca5741f91e496b4cad171d17f9eefa.blog-shortcode.dividers-on article,\n  .blog-shortcode.blog-masonry-shortcode-id-3dca5741f91e496b4cad171d17f9eefa.dividers-on.classic-layout-list article {\n    margin-top: 20px;\n    padding: 0;\n  }\n  .blog-shortcode.blog-masonry-shortcode-id-3dca5741f91e496b4cad171d17f9eefa.blog-shortcode.dividers-on article:first-of-type,\n  .blog-shortcode.blog-masonry-shortcode-id-3dca5741f91e496b4cad171d17f9eefa.dividers-on.classic-layout-list article:first-of-type {\n    padding: 0;\n  }\n  #page .blog-shortcode.blog-masonry-shortcode-id-3dca5741f91e496b4cad171d17f9eefa .post-thumbnail-wrap,\n  #page .blog-shortcode.blog-masonry-shortcode-id-3dca5741f91e496b4cad171d17f9eefa .post-entry-content {\n    width: 100%;\n    margin: 0;\n    top: 0;\n  }\n  #page .blog-shortcode.blog-masonry-shortcode-id-3dca5741f91e496b4cad171d17f9eefa .post-thumbnail-wrap {\n    padding: 0;\n  }\n  #page .blog-shortcode.blog-masonry-shortcode-id-3dca5741f91e496b4cad171d17f9eefa .post-entry-content:after {\n    display: none;\n  }\n  #page .blog-shortcode.blog-masonry-shortcode-id-3dca5741f91e496b4cad171d17f9eefa .project-even .post-thumbnail-wrap,\n  #page .blog-shortcode.blog-masonry-shortcode-id-3dca5741f91e496b4cad171d17f9eefa.centered-layout-list .post-thumbnail-wrap {\n    -ms-flex-order: 0;\n    order: 0;\n  }\n  #page .blog-shortcode.blog-masonry-shortcode-id-3dca5741f91e496b4cad171d17f9eefa.centered-layout-list .post-entry-title-content {\n    -ms-flex-order: 1;\n    order: 1;\n    width: 100%;\n    padding: 20px 20px 0;\n  }\n  #page .blog-shortcode.blog-masonry-shortcode-id-3dca5741f91e496b4cad171d17f9eefa.centered-layout-list .post-entry-content {\n    -ms-flex-order: 2;\n    order: 2;\n    padding-top: 0;\n  }\n  #page .blog-shortcode.blog-masonry-shortcode-id-3dca5741f91e496b4cad171d17f9eefa .fancy-categories {\n    top: 10px;\n    left: 10px;\n    bottom: auto;\n    right: auto;\n  }\n  #page .blog-shortcode.blog-masonry-shortcode-id-3dca5741f91e496b4cad171d17f9eefa .fancy-date a {\n    top: 10px;\n    right: 10px;\n    left: auto;\n    bottom: auto;\n  }\n  #page .blog-shortcode.blog-masonry-shortcode-id-3dca5741f91e496b4cad171d17f9eefa .post-entry-content {\n    padding: 20px;\n  }\n  #page .blog-shortcode.blog-masonry-shortcode-id-3dca5741f91e496b4cad171d17f9eefa .entry-title {\n    margin: 3px 0 5px;\n    font-size: 20px;\n    line-height: 26px;\n  }\n  #page .blog-shortcode.blog-masonry-shortcode-id-3dca5741f91e496b4cad171d17f9eefa .entry-meta {\n    margin: 5px 0 5px;\n  }\n  #page .blog-shortcode.blog-masonry-shortcode-id-3dca5741f91e496b4cad171d17f9eefa .entry-excerpt {\n    margin: 15px 0 0;\n  }\n  #page .blog-shortcode.blog-masonry-shortcode-id-3dca5741f91e496b4cad171d17f9eefa .post-details {\n    margin: 5px 0 10px;\n  }\n  #page .blog-shortcode.blog-masonry-shortcode-id-3dca5741f91e496b4cad171d17f9eefa .post-details.details-type-link {\n    margin-bottom: 2px;\n  }\n}<\/style><div class=\"blog-shortcode blog-masonry-shortcode-id-3dca5741f91e496b4cad171d17f9eefa mode-masonry classic-layout-list content-bg-on jquery-filter circle-fancy-style scale-img meta-info-off dt-icon-bg-off resize-by-browser-width loading-effect-none description-under-image \" data-padding=\"15px\" data-cur-page=\"1\" data-post-limit=\"12\" data-pagination-mode=\"load-more\" aria-live=\"assertive\" data-desktop-columns-num=\"4\" data-v-tablet-columns-num=\"2\" data-h-tablet-columns-num=\"3\" data-phone-columns-num=\"1\" data-width=\"0px\" data-columns=\"0\"><div class=\"iso-container\" ><div class=\"visible wf-cell iso-item category-17 category-43 category-44\" data-post-id=\"77\" data-date=\"2023-10-29T21:13:49+02:00\" data-name=\"NSV Liidu piirivalvekordonid\"><article class=\"post project-odd visible post-77 type-post status-publish format-standard has-post-thumbnail hentry category-estonia category-saare-park category-saaremaa tag-estonia tag-saare-park tag-saaremaa category-17 category-43 category-44\" data-name=\"NSV Liidu piirivalvekordonid\" data-date=\"2023-10-29T21:13:49+02:00\">\n\n<div class=\"post-thumbnail-wrap\">\n\t<div class=\"post-thumbnail\">\n\t\t\n\t\t\n\t\t<a href=\"https:\/\/saarepark.ee\/en\/nsv-liidu-piirivalvekordonid\/\" class=\"post-thumbnail-rollover layzr-bg layzr-bg\" ><img fetchpriority=\"high\" decoding=\"async\" class=\"iso-lazy-load preload-me iso-lazy-load aspect\" src=\"data:image\/svg+xml,%3Csvg%20xmlns%3D&#39;http%3A%2F%2Fwww.w3.org%2F2000%2Fsvg&#39;%20viewBox%3D&#39;0%200%20768%20511&#39;%2F%3E\" data-src=\"https:\/\/saarepark.ee\/wp-content\/uploads\/2023\/10\/Dembel2_05-768x511.jpg\" data-srcset=\"https:\/\/saarepark.ee\/wp-content\/uploads\/2023\/10\/Dembel2_05-768x511.jpg 768w, https:\/\/saarepark.ee\/wp-content\/uploads\/2023\/10\/Dembel2_05-1152x767.jpg 1152w\" loading=\"eager\" style=\"--ratio: 768 \/ 511\" sizes=\"(max-width: 768px) 100vw, 768px\" alt=\"\"  width=\"768\" height=\"511\"  \/><\/a>\t<\/div>\n<\/div>\n\n\n<div class=\"post-entry-content\">\n\n\t<h3 class=\"entry-title\">\n\t\t<a href=\"https:\/\/saarepark.ee\/en\/nsv-liidu-piirivalvekordonid\/\" title=\"NSV Liidu piirivalvekordonid\" rel=\"bookmark\">NSV Liidu piirivalvekordonid<\/a>\n\t<\/h3>\n\n\t\n\t<div class=\"entry-excerpt\"><p>Piirivalvekordon (liinikordon, merepiiril ka rannakordon) oli piirivalvev\u00e4gede p\u00f5hiline all\u00fcksus, NSV Liidu \u201eraudse eesriide\u201c re\u017eiimi tagamise peamine lahing\u00fcksus, kes kuulus piirivalvesalga v\u00f5i&#8230; <\/p>\n<\/div>\n\t\n<a href=\"https:\/\/saarepark.ee\/en\/nsv-liidu-piirivalvekordonid\/\" class=\"dt-btn-s dt-btn post-details details-type-btn\" aria-label=\"Read more about NSV Liidu piirivalvekordonid\">READ MORE<i class=\"dt-icon-the7-arrow-03\" aria-hidden=\"true\"><\/i><\/a>\n\n<\/div><\/article><\/div><div class=\"visible wf-cell iso-item category-17 category-43 category-44\" data-post-id=\"75\" data-date=\"2023-09-17T21:10:32+03:00\" data-name=\"Piirivalve ajalugu\"><article class=\"post project-odd visible post-75 type-post status-publish format-standard has-post-thumbnail hentry category-estonia category-saare-park category-saaremaa tag-estonia tag-saare-park tag-saaremaa\" data-name=\"Piirivalve ajalugu\" data-date=\"2023-09-17T21:10:32+03:00\">\n\n<div class=\"post-thumbnail-wrap\">\n\t<div class=\"post-thumbnail\">\n\t\t\n\t\t\n\t\t<a href=\"https:\/\/saarepark.ee\/en\/piirivalve-ajalugu\/\" class=\"post-thumbnail-rollover layzr-bg layzr-bg\" ><img decoding=\"async\" class=\"iso-lazy-load preload-me iso-lazy-load aspect\" src=\"data:image\/svg+xml,%3Csvg%20xmlns%3D&#39;http%3A%2F%2Fwww.w3.org%2F2000%2Fsvg&#39;%20viewBox%3D&#39;0%200%20768%20432&#39;%2F%3E\" data-src=\"https:\/\/saarepark.ee\/wp-content\/uploads\/2023\/10\/piirivalve-1-768x432.jpg\" data-srcset=\"https:\/\/saarepark.ee\/wp-content\/uploads\/2023\/10\/piirivalve-1-768x432.jpg 768w, https:\/\/saarepark.ee\/wp-content\/uploads\/2023\/10\/piirivalve-1-1152x648.jpg 1152w\" loading=\"eager\" style=\"--ratio: 768 \/ 432\" sizes=\"(max-width: 768px) 100vw, 768px\" alt=\"\"  width=\"768\" height=\"432\"  \/><\/a>\t<\/div>\n<\/div>\n\n\n<div class=\"post-entry-content\">\n\n\t<h3 class=\"entry-title\">\n\t\t<a href=\"https:\/\/saarepark.ee\/en\/piirivalve-ajalugu\/\" title=\"Piirivalve ajalugu\" rel=\"bookmark\">Piirivalve ajalugu<\/a>\n\t<\/h3>\n\n\t\n\t<div class=\"entry-excerpt\"><p>Eesti piiri valvamise vajadus tekkis seoses omariikluse saavutamisega. Esimese t\u00f6\u00f6koosoleku Eesti piiride valvamise k\u00fcsimustes kutsus kokku admiral Johannes Pitka&#8230; <\/p>\n<\/div>\n\t\n<a href=\"https:\/\/saarepark.ee\/en\/piirivalve-ajalugu\/\" class=\"dt-btn-s dt-btn post-details details-type-btn\" aria-label=\"Read more about Piirivalve ajalugu\">READ MORE<i class=\"dt-icon-the7-arrow-03\" aria-hidden=\"true\"><\/i><\/a>\n\n<\/div><\/article><\/div><div class=\"visible wf-cell iso-item category-17 category-41 category-42 category-43 category-44\" data-post-id=\"84\" data-date=\"2021-10-01T21:04:32+03:00\" data-name=\"Visit by Mikhail Kalashnikov\"><article class=\"post project-odd visible post-84 type-post status-publish format-standard has-post-thumbnail hentry category-estonia category-mikhail-kalashnikov category-museum category-saare-park category-saaremaa tag-estonia tag-mikhail-kalashnikov tag-museum tag-saare-park tag-saaremaa\" data-name=\"Visit by Mikhail Kalashnikov\" data-date=\"2021-10-01T21:04:32+03:00\">\n\n<div class=\"post-thumbnail-wrap\">\n\t<div class=\"post-thumbnail\">\n\t\t\n\t\t\n\t\t<a href=\"https:\/\/saarepark.ee\/en\/mikhail-kalashnikov\/\" class=\"post-thumbnail-rollover layzr-bg layzr-bg\" ><img decoding=\"async\" class=\"iso-lazy-load preload-me iso-lazy-load aspect\" src=\"data:image\/svg+xml,%3Csvg%20xmlns%3D&#39;http%3A%2F%2Fwww.w3.org%2F2000%2Fsvg&#39;%20viewBox%3D&#39;0%200%20768%20512&#39;%2F%3E\" data-src=\"https:\/\/saarepark.ee\/wp-content\/uploads\/2023\/10\/Mihail_Kalashnikov-768x512.jpg\" data-srcset=\"https:\/\/saarepark.ee\/wp-content\/uploads\/2023\/10\/Mihail_Kalashnikov-768x512.jpg 768w, https:\/\/saarepark.ee\/wp-content\/uploads\/2023\/10\/Mihail_Kalashnikov.jpg 900w\" loading=\"eager\" style=\"--ratio: 768 \/ 512\" sizes=\"(max-width: 768px) 100vw, 768px\" alt=\"\"  width=\"768\" height=\"512\"  \/><\/a>\t<\/div>\n<\/div>\n\n\n<div class=\"post-entry-content\">\n\n\t<h3 class=\"entry-title\">\n\t\t<a href=\"https:\/\/saarepark.ee\/en\/mikhail-kalashnikov\/\" title=\"Visit by Mikhail Kalashnikov\" rel=\"bookmark\">Visit by Mikhail Kalashnikov<\/a>\n\t<\/h3>\n\n\t\n\t<div class=\"entry-excerpt\"><p>In 1980, the border outpost was visited by a world-famous engineer of small arms, the inventor of the legendary Kalashnikov assault rifle, Mikhail Kalashnikov&#8230;<\/p>\n<\/div>\n\t\n<a href=\"https:\/\/saarepark.ee\/en\/mikhail-kalashnikov\/\" class=\"dt-btn-s dt-btn post-details details-type-btn\" aria-label=\"Read more about Visit by Mikhail Kalashnikov\">READ MORE<i class=\"dt-icon-the7-arrow-03\" aria-hidden=\"true\"><\/i><\/a>\n\n<\/div><\/article><\/div><div class=\"visible wf-cell iso-item category-1 category-40 category-43 category-44 category-46\" data-post-id=\"66\" data-date=\"2021-06-05T21:03:16+03:00\" data-name=\"A talk with Enda Naaber\"><article class=\"post project-odd visible post-66 type-post status-publish format-standard has-post-thumbnail hentry category-enda-naaber category-jan-drozdovski category-saare-park category-saaremaa category-yevgeny-leonov tag-enda-naaber tag-jan-drozdovski tag-saare-park tag-saaremaa tag-yevgeny-leonov\" data-name=\"A talk with Enda Naaber\" data-date=\"2021-06-05T21:03:16+03:00\">\n\n<div class=\"post-thumbnail-wrap\">\n\t<div class=\"post-thumbnail\">\n\t\t\n\t\t\n\t\t<a href=\"https:\/\/saarepark.ee\/en\/enda-naaber\/\" class=\"post-thumbnail-rollover layzr-bg layzr-bg\" ><img decoding=\"async\" class=\"iso-lazy-load preload-me iso-lazy-load aspect\" src=\"data:image\/svg+xml,%3Csvg%20xmlns%3D&#39;http%3A%2F%2Fwww.w3.org%2F2000%2Fsvg&#39;%20viewBox%3D&#39;0%200%20768%20460&#39;%2F%3E\" data-src=\"https:\/\/saarepark.ee\/wp-content\/uploads\/2023\/10\/2021-06-05_1-768x460.jpg\" data-srcset=\"https:\/\/saarepark.ee\/wp-content\/uploads\/2023\/10\/2021-06-05_1-768x460.jpg 768w, https:\/\/saarepark.ee\/wp-content\/uploads\/2023\/10\/2021-06-05_1-1152x690.jpg 1152w\" loading=\"eager\" style=\"--ratio: 768 \/ 460\" sizes=\"(max-width: 768px) 100vw, 768px\" alt=\"\"  width=\"768\" height=\"460\"  \/><\/a>\t<\/div>\n<\/div>\n\n\n<div class=\"post-entry-content\">\n\n\t<h3 class=\"entry-title\">\n\t\t<a href=\"https:\/\/saarepark.ee\/en\/enda-naaber\/\" title=\"A talk with Enda Naaber\" rel=\"bookmark\">A talk with Enda Naaber<\/a>\n\t<\/h3>\n\n\t\n\t<div class=\"entry-excerpt\"><p>Enda Naaber is a well-known Saaremaa writer, journalist and artist who was the editor of the cultural section of the local newspaper \u201cBuilder of Communism\u201d, interviewed Evgeniy Leonov in 1977&#8230;<\/p>\n<\/div>\n\t\n<a href=\"https:\/\/saarepark.ee\/en\/enda-naaber\/\" class=\"dt-btn-s dt-btn post-details details-type-btn\" aria-label=\"Read more about A talk with Enda Naaber\">READ MORE<i class=\"dt-icon-the7-arrow-03\" aria-hidden=\"true\"><\/i><\/a>\n\n<\/div><\/article><\/div><\/div><!-- iso-container|iso-grid --><div class=\"paginator paginator-more-button\">\n\t\t\t\t<a class=\"button-load-more \" href=\"javascript:void(0);\" data-dt-page=\"1\" ><span class=\"stick\"><\/span><span class=\"stick\"><\/span><span class=\"stick\"><\/span><span class=\"button-caption\">Load more<\/span><\/a>\n\t\t\t<\/div><\/div>[\/vc_column][\/vc_row]<\/p>\n<\/div>","protected":false},"excerpt":{"rendered":"<p>[vc_row][vc_column][\/vc_column][\/vc_row]<\/p>\n","protected":false},"author":1,"featured_media":0,"parent":0,"menu_order":40,"comment_status":"closed","ping_status":"closed","template":"","meta":{"footnotes":""},"class_list":["post-16","page","type-page","status-publish","hentry"],"_links":{"self":[{"href":"https:\/\/saarepark.ee\/en\/wp-json\/wp\/v2\/pages\/16"}],"collection":[{"href":"https:\/\/saarepark.ee\/en\/wp-json\/wp\/v2\/pages"}],"about":[{"href":"https:\/\/saarepark.ee\/en\/wp-json\/wp\/v2\/types\/page"}],"author":[{"embeddable":true,"href":"https:\/\/saarepark.ee\/en\/wp-json\/wp\/v2\/users\/1"}],"replies":[{"embeddable":true,"href":"https:\/\/saarepark.ee\/en\/wp-json\/wp\/v2\/comments?post=16"}],"version-history":[{"count":5,"href":"https:\/\/saarepark.ee\/en\/wp-json\/wp\/v2\/pages\/16\/revisions"}],"predecessor-version":[{"id":877,"href":"https:\/\/saarepark.ee\/en\/wp-json\/wp\/v2\/pages\/16\/revisions\/877"}],"wp:attachment":[{"href":"https:\/\/saarepark.ee\/en\/wp-json\/wp\/v2\/media?parent=16"}],"curies":[{"name":"wp","href":"https:\/\/api.w.org\/{rel}","templated":true}]}}